{"id":10677,"date":"2023-06-20T06:14:43","date_gmt":"2023-06-20T06:14:43","guid":{"rendered":"https:\/\/www.haihuishan.es\/maestro-renshan\/"},"modified":"2023-07-13T16:02:47","modified_gmt":"2023-07-13T16:02:47","slug":"maestro-renshan","status":"publish","type":"page","link":"https:\/\/vlkm1371fbt.c.updraftclone.com\/en\/maestro-renshan\/","title":{"rendered":"Founding Master"},"content":{"rendered":"<section class=\"wpb-content-wrapper\"><p>[vc_row kd_background_image_position=&#8221;vc_row-bg-position-top&#8221;][vc_column][vc_empty_space height=&#8221;120&#8243;][\/vc_column][\/vc_row][vc_row full_width=&#8221;stretch_row&#8221; kd_background_image_position=&#8221;vc_row-bg-position-top&#8221;][vc_column width=&#8221;1\/6&#8243;][\/vc_column][vc_column width=&#8221;2\/3&#8243;]<header class=\"kd-section-title col-lg-12 text-center solid-line sep-border-width-2  subtitle-below-title kd-animated fadeIn   vc_custom_1689263555208\" data-animation-delay=200><h2 class=\"separator_on\" > Founding Master: Master Renshan<br \/>\n<\/h2><div class=\"kd-separator below_title\" ><div class=\"kd-separator-line\" ><\/div><\/div><\/header>[vc_column_text]<\/p>\n<p style=\"text-align: center;\"><em><span style=\"font-weight: 400;\">I became a monk after becoming aware that life and death show the nature of impermanence that governs the world. After studying the Buddhist scriptures, a desire was born in me to spread the Dharma. I wished that all people in the world could hear the voice of Buddhist wisdom.\u00a0<\/span><\/em><\/p>\n<p style=\"text-align: center;\"><em><span style=\"font-weight: 400;\">May all beings of the three thousand kingdoms<\/span><span style=\"font-weight: 400;\"><br \/>\n<\/span><span style=\"font-weight: 400;\">may be reborn in lotuses of the Pure Land.<\/span><\/em><\/p>\n<p style=\"text-align: center;\"><em><span style=\"font-weight: 400;\">From the bottom of my heart, I hope to use the wisdom of Earth Buddhism to help all beings live a happy and fulfilled life.<\/span><\/em><\/p>\n<p style=\"text-align: center;\"><span style=\"font-weight: 400;\">\u2014 Master Renshan<\/span><\/p>\n<p>[\/vc_column_text][vc_empty_space height=&#8221;50&#8243;][vc_single_image image=&#8221;10428&#8243; img_size=&#8221;full&#8221; style=&#8221;vc_box_rounded&#8221;][vc_empty_space height=&#8221;50&#8243;][vc_column_text]<span style=\"font-weight: 400;\">Master Renshan was born in 1980 in Shangshui, Henan province, into a Buddhist family. At the age of 12, he began reading Buddhist scriptures and books, and found in them hope for answers to life&#8217;s fundamental questions. Inspired by the story of Siddhartha Gautama, he took the inner vow to become a monk. At the age of 15, under the guidance of his parents, he was ordained a monk by Elder Citing at the Wujin Rulai Zen Temple in Jiangsu and received the complete precepts under the guidance of Elder Benghuan at the Bishan Temple on Wutai Mountain in 2001. That same year he travelled to Singapore to study the Buddhist scriptures and teachings. Master Renshan took vows to preach the Buddhist teachings for the rest of his life, and has been doing so without interruption since the beginning of his monastic life.<\/span><\/p>\n<p><span style=\"font-weight: 400;\">He has given talks and lectures in Singapore, Malaysia, Indonesia, Thailand, Australia, India, Sri Lanka, Spain, Italy, Portugal and Taiwan.<\/span><\/p>\n<p><span style=\"font-weight: 400;\">On 1 December 2019, Master Renshan founded the Hai Hui Shan Buddhist Community in Spain and is currently the president.<\/span>[\/vc_column_text][vc_empty_space height=&#8221;50&#8243;][vc_column_text]<\/p>\n<p style=\"text-align: center;\"><b>AUTOBIOGRAPHY OF MASTER RENSHAN<\/b><\/p>\n<p><span style=\"font-weight: 400;\">According to my father, my family has been Buddhist believers for many generations. Yet, after my grandmother&#8217;s death, my father lost faith. Seeing her suffering so much on her deathbed, even though she had diligently practised and recited the Buddha&#8217;s name (even during the arduous time of the Cultural Revolution), he found it difficult to continue believing. What he did not know was that suffering can be due to karmic retribution from previous lives. But given what he understood at the time, along with the critical attitude towards Buddhism of many neighbours, my father decided that we would abandon the practice of Buddhism in the family.<\/span><\/p>\n<p><span style=\"font-weight: 400;\">In the year my grandmother died, I came into the world. My brother and two sisters had already joined my family. It was the early days of China&#8217;s reform and opening up, and my father was doing business in many places, so as a child, I travelled to many places with him and my mother. At the age of six, I returned to my hometown to study. Shortly after starting school, one day while playing in the field with my classmates, I came across a funeral procession blowing a trumpet and beating drums. This aroused my curiosity, and I asked what was going on. The answer I got was, &#8220;Someone has died. When I got home, I asked my mother, &#8220;What happens to people who die? Why do they die? Where do they go after they die? Is it possible not to die?&#8221; To this series of questions, my mother simply said, &#8220;Everyone dies, it&#8217;s normal to die.&#8221; Perhaps my mother thought that no amount of explanation could make a child understand the problems associated with death. However, these questions kept going round and round in my head. &#8220;How can I understand or even solve the problem of death?&#8221; I wondered.<\/span><\/p>\n<p><span style=\"font-weight: 400;\">At the age of twelve, when I was in high school, my father, who had been through great storms, was drawn back to Buddhism. I remember once coming home from school, I saw a large pile of sutras and a statue of Buddha in the courtyard. When I saw them, I was delighted. They turned out to be the gifts I had brought with me after converting to Buddhism at the White Horse Temple in Luoyang. The twists of fate are always wonderful; I felt at that moment as if a great force was guiding me. My father said that his return to Buddhism, and his new understanding of Buddhism, were directly related to the death of the grandmother, who was guiding him. In a world of infinite karmic manifestations, nothing is the result of chance, not even the study of Buddhism. I looked for a long time at the portrait of the Three Saints of the West (Buddha Amitabha, accompanied by Bodhisattva Avalokite\u015bvara and Bodhisattva Mah\u0101sth\u0101mapr\u0101pta), and I had a feeling that I had met them before. The scriptures I browsed through were introductory texts to Buddhism, texts about the Pure Land, stories of the Buddha, etc. For a long time, apart from schoolwork, I spent my evenings reading and studying them, and gradually I seemed to understand better what birth and death were all about. In particular, I was inspired by the story of Siddhartha Buddha&#8217;s journey in front of the four gates when he was a prince, and I had a vague feeling that this was the real lesson I needed to learn: to free myself from the cycle of life and death.<\/span><\/p>\n<p><span style=\"font-weight: 400;\">My father seemed to read my mind; he asked me if I wanted to become a monk and praised with great enthusiasm the great virtues it entailed. At the same time, he told me that if I became a monk, he would help me to become a monk and then convert too; if I decided not to take the step, he would take care of my education and then become a monk. He often got up at two or three o&#8217;clock in the morning to do the morning readings and recitations, so it seemed that his heart had already made up his mind to become a monk.<\/span><\/p>\n<p><span style=\"font-weight: 400;\">I saw my peers growing up as they played and studied, then worked and started a family, following what many people believe to be the trajectory of life, from birth to death, indifferently. I couldn&#8217;t predict what the future held for me, but I probably didn&#8217;t see myself very far from it if I followed the same steps. I wondered, &#8220;Is this what my life is going to be like?&#8221; I decided against it. It was a conscious decision, made after much thought. Prince Siddhartha, who renounced the envy of the world and the pursuit of glory and wealth, decided to follow the path of self-realisation to find the true meaning of life and eternal happiness, and that is what a wise and courageous man would do. I am not a prince, nor have I ever envied wealth and glory, so what is there to cling to? You have to admire the virtuous and learn from the Buddha. At the age of fifteen, after high school, I set out on the path to becoming a monk, accompanied by my parents.<\/span><\/p>\n<p><span style=\"font-weight: 400;\">Master Neng Xian, then vice-president and general secretary of the Buddhist Association of Henan Province, was waiting for us. It turned out that my father, often a volunteer in the Association, had already told the Master that I intended to become a monk. When the Master heard that a young man wanted to convert, he was especially pleased and gave me a lot of facilities, saying that he would arrange to introduce me to any temple I wanted to go to as long as I became a monk.<\/span><\/p>\n<p><span style=\"font-weight: 400;\">With the Master&#8217;s recommendation and the Buddha&#8217;s guidance, the karma finally fell on the elderly monk Citing, who ordained me; he was then the president of the Shangqiu Buddhist Association in Henan Province. The Master himself sent me to the old monk and told him that I would be formally ordained after a probationary period. The two masters gave me the monastic name &#8220;Renshan&#8221; (&#8220;compassionate mountain&#8221;), for Master Neng Xian wanted the revival of Buddhism to be like a mountain full of people; while Master Citing wanted me to have a kind heart and the virtue of a firm mountain.<\/span><\/p>\n<p><span style=\"font-weight: 400;\">My father was happy to see me &#8220;coming home,&#8221; and my mother, though a little reluctant, was able to bear the suffering of separation. I am ashamed to say that I have never been able to repay my parents for their kindness in educating me, making me a monk, and for their kindness in guiding me. Soon after sending me to the association, my father also became a monk. A few years later, my mother also decided to become a nun.<\/span><\/p>\n<p><span style=\"font-weight: 400;\">In the years since I became a monk, my teacher has constantly encouraged me through practical training. In addition to performing my duties at the monastery and practising the blessings, I also spent a lot of time memorising the classics. When I first became a monk, I thought it was a priority to recite the Buddha&#8217;s teachings to put an end to life and death, and I always hid and recited them to solve as quickly as possible this problem that had troubled me for so many years. Later, after listening to the sutra teachings, this concept gradually took on a new nuance. From the initial eagerness for rebirth, I gradually developed the desire to teach the Dharma and the scriptures, and if there is a cause, I would like to dedicate my life to the cause of promoting Buddhist wisdom and benefiting sentient beings. Then I went to Singapore to study the scriptures.<\/span><\/p>\n<p><span style=\"font-weight: 400;\">I dare not claim to be an enlightened person, but I sincerely hope that more people will listen to the Dharma and use it to alleviate their worries, so that their lives will be happier and the world a better place. At the beginning of my studies, I set out to teach the sutras for life. Since then, I have been studying and giving talks all over the world, introducing Buddhist wisdom to others while continuing to learn.<\/span><\/p>\n<p><span style=\"font-weight: 400;\">This is a model both of self-learning and of benefit to others. In the course of my lectures, I constantly think about the need for Buddhism in these times, how life calls for this kind of wisdom, and how Buddhism should be presented to the public in order to achieve understanding. I believe that the promotion of Buddhism in our time should focus more on the level of concrete life, so that more people can realise that Buddhism is inseparable from their own lives, that Buddhism is the Dharma of life, the Dharma of wisdom, the Dharma of happiness, the Dharma of liberation, the Dharma that everyone should learn and can practise. Buddhism is a truly complete and humane education with the goal of enlightenment and the goal of liberation from suffering!<\/span>[\/vc_column_text][\/vc_column][vc_column width=&#8221;1\/6&#8243;][\/vc_column][\/vc_row][vc_row kd_background_image_position=&#8221;vc_row-bg-position-top&#8221;][vc_column][vc_empty_space height=&#8221;70&#8243;][\/vc_column][\/vc_row]<\/p>\n<\/section>","protected":false},"excerpt":{"rendered":"<p>[vc_row kd_background_image_position=&#8221;vc_row-bg-position-top&#8221;][vc_column][vc_empty_space height=&#8221;120&#8243;][\/vc_column][\/vc_row][vc_row full_width=&#8221;stretch_row&#8221; kd_background_image_position=&#8221;vc_row-bg-position-top&#8221;][vc_column width=&#8221;1\/6&#8243;][\/vc_column][vc_column width=&#8221;2\/3&#8243;][vc_column_text] I became [&hellip;]<\/p>\n","protected":false},"author":1,"featured_media":10344,"parent":0,"menu_order":0,"comment_status":"closed","ping_status":"closed","template":"","meta":{"pgc_meta":"","footnotes":""},"class_list":["post-10677","page","type-page","status-publish","has-post-thumbnail","hentry"],"pgc_meta":"","_links":{"self":[{"href":"https:\/\/vlkm1371fbt.c.updraftclone.com\/en\/wp-json\/wp\/v2\/pages\/10677","targetHints":{"allow":["GET"]}}],"collection":[{"href":"https:\/\/vlkm1371fbt.c.updraftclone.com\/en\/wp-json\/wp\/v2\/pages"}],"about":[{"href":"https:\/\/vlkm1371fbt.c.updraftclone.com\/en\/wp-json\/wp\/v2\/types\/page"}],"author":[{"embeddable":true,"href":"https:\/\/vlkm1371fbt.c.updraftclone.com\/en\/wp-json\/wp\/v2\/users\/1"}],"replies":[{"embeddable":true,"href":"https:\/\/vlkm1371fbt.c.updraftclone.com\/en\/wp-json\/wp\/v2\/comments?post=10677"}],"version-history":[{"count":5,"href":"https:\/\/vlkm1371fbt.c.updraftclone.com\/en\/wp-json\/wp\/v2\/pages\/10677\/revisions"}],"predecessor-version":[{"id":10853,"href":"https:\/\/vlkm1371fbt.c.updraftclone.com\/en\/wp-json\/wp\/v2\/pages\/10677\/revisions\/10853"}],"wp:featuredmedia":[{"embeddable":true,"href":"https:\/\/vlkm1371fbt.c.updraftclone.com\/en\/wp-json\/wp\/v2\/media\/10344"}],"wp:attachment":[{"href":"https:\/\/vlkm1371fbt.c.updraftclone.com\/en\/wp-json\/wp\/v2\/media?parent=10677"}],"curies":[{"name":"wp","href":"https:\/\/api.w.org\/{rel}","templated":true}]}}